{"id":336,"date":"2022-02-24T18:05:30","date_gmt":"2022-02-24T18:05:30","guid":{"rendered":"https:\/\/www.laclandestileria.com\/site\/?post_type=product&#038;p=336"},"modified":"2025-10-21T09:43:50","modified_gmt":"2025-10-21T09:43:50","slug":"gin-roders-70cl","status":"publish","type":"product","link":"https:\/\/www.laclandestileria.com\/site\/producto\/gin-roders-70cl\/","title":{"rendered":"Gin Roders London Dry 70cl"},"content":{"rendered":"[vc_row type=\u00bbin_container\u00bb full_screen_row_position=\u00bbmiddle\u00bb column_margin=\u00bbdefault\u00bb column_direction=\u00bbdefault\u00bb column_direction_tablet=\u00bbdefault\u00bb column_direction_phone=\u00bbdefault\u00bb scene_position=\u00bbcenter\u00bb text_color=\u00bbdark\u00bb text_align=\u00bbleft\u00bb row_border_radius=\u00bbnone\u00bb row_border_radius_applies=\u00bbbg\u00bb overflow=\u00bbvisible\u00bb overlay_strength=\u00bb0.3&#8243; gradient_direction=\u00bbleft_to_right\u00bb shape_divider_position=\u00bbbottom\u00bb bg_image_animation=\u00bbnone\u00bb][vc_column column_padding=\u00bbno-extra-padding\u00bb column_padding_tablet=\u00bbinherit\u00bb column_padding_phone=\u00bbinherit\u00bb column_padding_position=\u00bball\u00bb column_element_spacing=\u00bbdefault\u00bb background_color_opacity=\u00bb1&#8243; background_hover_color_opacity=\u00bb1&#8243; column_shadow=\u00bbnone\u00bb column_border_radius=\u00bbnone\u00bb column_link_target=\u00bb_self\u00bb column_position=\u00bbdefault\u00bb gradient_direction=\u00bbleft_to_right\u00bb overlay_strength=\u00bb0.3&#8243; width=\u00bb1\/1&#8243; tablet_width_inherit=\u00bbdefault\u00bb tablet_text_alignment=\u00bbdefault\u00bb phone_text_alignment=\u00bbdefault\u00bb animation_type=\u00bbdefault\u00bb bg_image_animation=\u00bbnone\u00bb border_type=\u00bbsimple\u00bb column_border_width=\u00bbnone\u00bb column_border_style=\u00bbsolid\u00bb][vc_column_text]\n<h1>Descripci\u00f3n de Gin Roders<\/h1>\n<p>&nbsp;<\/p>\n<p><strong>Gin Roders es una Ginebra estilo London Dry destilada artesanalmente en alambique tradicional de cobre a fuego lento. S\u00f3lo se utilizan bot\u00e1nicos naturales para su elaboraci\u00f3n. Producida en peque\u00f1as partidas, para poder dedicarle todo el tiempo y cuidado que se merece. Se consigue as\u00ed matizar en la ginebra sus sabores y aromas caracter\u00edsticos. Como resultado obtenemos una ginebra de alt\u00edsima calidad, disruptiva y equilibrada en el paladar elaborada mediante un proceso \u00abone shot\u00bb.<\/strong><\/p>\n<p>&nbsp;<\/p>\n<p><strong>Nota de cata<\/strong>: <em>\u00abA la vista se muestra transparente. Con fina l\u00e1grima, marca su untuosidad al moverla en copa. Resaltan sus tiznes azulados al contacto con hielo. <\/em><em>De aroma fresca, intensa y con calado. Recuerda a monta\u00f1a, flora silvestre y huerta frutal. El alcohol aparece en un segundo plano acompa\u00f1ando al resto de aromas. En todo momento resulta agradable. <\/em><em>Acompa\u00f1ando al denotable enebro, se marca el car\u00e1cter c\u00edtrico de la naranja con un leve recuerdo acido del lim\u00f3n amenizado sutilmente con un toque a canela anisada. Bals\u00e1mica sensaci\u00f3n de frescor aportada por el cantueso. Armon\u00eda en el acople conseguida por los matices madera que aportan las raices y el amargor de la almendra. <\/em><em>Suave, envolvente y con leves apuntes picantes, desnuda sus matices disruptivos a lo largo del paladar provocando un cocktail de sensaciones\u00bb<\/em><\/p>\n<p>Cata realizada con la ginebra pura.<\/p>\n<h5><\/h5>\n<h3><\/h3>\n<p>&nbsp;<\/p>\n<h6><strong>Reconocimientos:<\/strong><\/h6>\n<p><img loading=\"lazy\" decoding=\"async\" class=\"alignnone wp-image-671 \" src=\"https:\/\/www.laclandestileria.com\/site\/wp-content\/uploads\/2022\/02\/2022-SFWSC-Silver-Med_web-150x150.jpg\" alt=\"\" width=\"141\" height=\"141\" srcset=\"https:\/\/www.laclandestileria.com\/site\/wp-content\/uploads\/2022\/02\/2022-SFWSC-Silver-Med_web-150x150.jpg 150w, https:\/\/www.laclandestileria.com\/site\/wp-content\/uploads\/2022\/02\/2022-SFWSC-Silver-Med_web-300x300.jpg 300w, https:\/\/www.laclandestileria.com\/site\/wp-content\/uploads\/2022\/02\/2022-SFWSC-Silver-Med_web-100x100.jpg 100w, https:\/\/www.laclandestileria.com\/site\/wp-content\/uploads\/2022\/02\/2022-SFWSC-Silver-Med_web-140x140.jpg 140w, https:\/\/www.laclandestileria.com\/site\/wp-content\/uploads\/2022\/02\/2022-SFWSC-Silver-Med_web-350x350.jpg 350w, https:\/\/www.laclandestileria.com\/site\/wp-content\/uploads\/2022\/02\/2022-SFWSC-Silver-Med_web.jpg 400w\" sizes=\"auto, (max-width: 141px) 100vw, 141px\" \/><img loading=\"lazy\" decoding=\"async\" class=\"alignnone wp-image-672 \" src=\"https:\/\/www.laclandestileria.com\/site\/wp-content\/uploads\/2022\/02\/ISC-2022_Silver_web-150x150.jpg\" alt=\"\" width=\"143\" height=\"143\" srcset=\"https:\/\/www.laclandestileria.com\/site\/wp-content\/uploads\/2022\/02\/ISC-2022_Silver_web-150x150.jpg 150w, https:\/\/www.laclandestileria.com\/site\/wp-content\/uploads\/2022\/02\/ISC-2022_Silver_web-300x300.jpg 300w, https:\/\/www.laclandestileria.com\/site\/wp-content\/uploads\/2022\/02\/ISC-2022_Silver_web-100x100.jpg 100w, https:\/\/www.laclandestileria.com\/site\/wp-content\/uploads\/2022\/02\/ISC-2022_Silver_web-140x140.jpg 140w, https:\/\/www.laclandestileria.com\/site\/wp-content\/uploads\/2022\/02\/ISC-2022_Silver_web-500x500.jpg 500w, https:\/\/www.laclandestileria.com\/site\/wp-content\/uploads\/2022\/02\/ISC-2022_Silver_web-350x350.jpg 350w, https:\/\/www.laclandestileria.com\/site\/wp-content\/uploads\/2022\/02\/ISC-2022_Silver_web.jpg 600w\" sizes=\"auto, (max-width: 143px) 100vw, 143px\" \/><img loading=\"lazy\" decoding=\"async\" class=\"alignnone wp-image-972 \" src=\"https:\/\/www.laclandestileria.com\/site\/wp-content\/uploads\/2023\/02\/plata-150x150.png\" alt=\"\" width=\"141\" height=\"141\" \/>\u00a0 \u00a0 <img loading=\"lazy\" decoding=\"async\" class=\"alignnone wp-image-973 \" src=\"https:\/\/www.laclandestileria.com\/site\/wp-content\/uploads\/2023\/02\/HKIWSC2022-SocialMedia_Sticker-300x300-1-150x150.png\" alt=\"\" width=\"141\" height=\"141\" \/> \u00a0 <img loading=\"lazy\" decoding=\"async\" class=\"alignnone wp-image-670 \" src=\"https:\/\/www.laclandestileria.com\/site\/wp-content\/uploads\/2022\/02\/IWSC_2022_bronze_web-150x150.jpg\" alt=\"\" width=\"141\" height=\"141\" srcset=\"https:\/\/www.laclandestileria.com\/site\/wp-content\/uploads\/2022\/02\/IWSC_2022_bronze_web-150x150.jpg 150w, https:\/\/www.laclandestileria.com\/site\/wp-content\/uploads\/2022\/02\/IWSC_2022_bronze_web-300x300.jpg 300w, https:\/\/www.laclandestileria.com\/site\/wp-content\/uploads\/2022\/02\/IWSC_2022_bronze_web-100x100.jpg 100w, https:\/\/www.laclandestileria.com\/site\/wp-content\/uploads\/2022\/02\/IWSC_2022_bronze_web-140x140.jpg 140w, https:\/\/www.laclandestileria.com\/site\/wp-content\/uploads\/2022\/02\/IWSC_2022_bronze_web.jpg 340w\" sizes=\"auto, (max-width: 141px) 100vw, 141px\" \/> \u00a0 <img loading=\"lazy\" decoding=\"async\" class=\"alignnone wp-image-673 \" src=\"https:\/\/www.laclandestileria.com\/site\/wp-content\/uploads\/2022\/02\/2022-SFWSC-bronze-Med_web-150x150.jpg\" alt=\"\" width=\"141\" height=\"141\" srcset=\"https:\/\/www.laclandestileria.com\/site\/wp-content\/uploads\/2022\/02\/2022-SFWSC-bronze-Med_web-150x150.jpg 150w, https:\/\/www.laclandestileria.com\/site\/wp-content\/uploads\/2022\/02\/2022-SFWSC-bronze-Med_web-300x300.jpg 300w, https:\/\/www.laclandestileria.com\/site\/wp-content\/uploads\/2022\/02\/2022-SFWSC-bronze-Med_web-100x100.jpg 100w, https:\/\/www.laclandestileria.com\/site\/wp-content\/uploads\/2022\/02\/2022-SFWSC-bronze-Med_web-140x140.jpg 140w\" sizes=\"auto, (max-width: 141px) 100vw, 141px\" \/> \u00a0\u00a0 <img loading=\"lazy\" decoding=\"async\" class=\"\" src=\"https:\/\/www.laclandestileria.com\/site\/wp-content\/uploads\/2022\/02\/WGinA23-Bronze-150x150.png\" width=\"134\" height=\"134\" \/> \u00a0 <img loading=\"lazy\" decoding=\"async\" class=\"\" src=\"https:\/\/www.laclandestileria.com\/site\/wp-content\/uploads\/2022\/02\/WGinA24-Bronze-150x150.png\" width=\"136\" height=\"136\" \/> <img loading=\"lazy\" decoding=\"async\" class=\"\" src=\"https:\/\/www.laclandestileria.com\/site\/wp-content\/uploads\/2022\/02\/ssel2024-silver-medal-150x150.png\" width=\"148\" height=\"148\" \/><\/p>\n<p>&nbsp;<\/p>\n[\/vc_column_text][\/vc_column][\/vc_row]\n","protected":false},"excerpt":{"rendered":"<h2>Gin Roders Botella 70cl<\/h2>\n<p>Botella de ginebra Gin Roders de 70cl en estilo London Dry de alta calidad.<\/p>\n<ul>\n<li>Ginebra destilada al estilo tradicional.<\/li>\n<li>Elaborada y embotellada en La Safor (Valencia).<\/li>\n<li>Con ingredientes 100% naturales y aut\u00f3ctonos.<\/li>\n<li>Botella de cristal 70cl.<\/li>\n<\/ul>\n<p><strong><span style=\"color: #ff6600;\">Env\u00edos\u00a0 GRATIS a partir de 90\u20ac\u00a0 (Pen\u00ednsula)<\/span><\/strong><\/p>\n","protected":false},"featured_media":1330,"template":"","meta":[],"product_brand":[],"product_cat":[23],"product_tag":[44,66,58,43,74,47],"class_list":{"0":"post-336","1":"product","2":"type-product","3":"status-publish","4":"has-post-thumbnail","6":"product_cat-gin-roders","7":"product_tag-artesanal","8":"product_tag-destileria","9":"product_tag-gin","10":"product_tag-ginebra","11":"product_tag-london-dry","12":"product_tag-roders","14":"first","15":"instock","16":"shipping-taxable","17":"purchasable","18":"product-type-simple"},"aioseo_notices":[],"_links":{"self":[{"href":"https:\/\/www.laclandestileria.com\/site\/wp-json\/wp\/v2\/product\/336","targetHints":{"allow":["GET"]}}],"collection":[{"href":"https:\/\/www.laclandestileria.com\/site\/wp-json\/wp\/v2\/product"}],"about":[{"href":"https:\/\/www.laclandestileria.com\/site\/wp-json\/wp\/v2\/types\/product"}],"wp:featuredmedia":[{"embeddable":true,"href":"https:\/\/www.laclandestileria.com\/site\/wp-json\/wp\/v2\/media\/1330"}],"wp:attachment":[{"href":"https:\/\/www.laclandestileria.com\/site\/wp-json\/wp\/v2\/media?parent=336"}],"wp:term":[{"taxonomy":"product_brand","embeddable":true,"href":"https:\/\/www.laclandestileria.com\/site\/wp-json\/wp\/v2\/product_brand?post=336"},{"taxonomy":"product_cat","embeddable":true,"href":"https:\/\/www.laclandestileria.com\/site\/wp-json\/wp\/v2\/product_cat?post=336"},{"taxonomy":"product_tag","embeddable":true,"href":"https:\/\/www.laclandestileria.com\/site\/wp-json\/wp\/v2\/product_tag?post=336"}],"curies":[{"name":"wp","href":"https:\/\/api.w.org\/{rel}","templated":true}]}}