{"id":1232,"date":"2025-02-06T19:57:15","date_gmt":"2025-02-06T19:57:15","guid":{"rendered":"https:\/\/www.laclandestileria.com\/site\/?post_type=product&#038;p=1232"},"modified":"2025-10-21T09:42:49","modified_gmt":"2025-10-21T09:42:49","slug":"black-truffle-gin","status":"publish","type":"product","link":"https:\/\/www.laclandestileria.com\/site\/producto\/black-truffle-gin\/","title":{"rendered":"Ginebra con Trufa Negra Fresca &#8211; BTG (Black Truffle Gin)"},"content":{"rendered":"[vc_row type=\u00bbin_container\u00bb full_screen_row_position=\u00bbmiddle\u00bb column_margin=\u00bbdefault\u00bb column_direction=\u00bbdefault\u00bb column_direction_tablet=\u00bbdefault\u00bb column_direction_phone=\u00bbdefault\u00bb scene_position=\u00bbcenter\u00bb text_color=\u00bbdark\u00bb text_align=\u00bbleft\u00bb row_border_radius=\u00bbnone\u00bb row_border_radius_applies=\u00bbbg\u00bb overflow=\u00bbvisible\u00bb overlay_strength=\u00bb0.3&#8243; gradient_direction=\u00bbleft_to_right\u00bb shape_divider_position=\u00bbbottom\u00bb bg_image_animation=\u00bbnone\u00bb][vc_column column_padding=\u00bbno-extra-padding\u00bb column_padding_tablet=\u00bbinherit\u00bb column_padding_phone=\u00bbinherit\u00bb column_padding_position=\u00bball\u00bb column_element_spacing=\u00bbdefault\u00bb background_color_opacity=\u00bb1&#8243; background_hover_color_opacity=\u00bb1&#8243; column_shadow=\u00bbnone\u00bb column_border_radius=\u00bbnone\u00bb column_link_target=\u00bb_self\u00bb column_position=\u00bbdefault\u00bb gradient_direction=\u00bbleft_to_right\u00bb overlay_strength=\u00bb0.3&#8243; width=\u00bb1\/1&#8243; tablet_width_inherit=\u00bbdefault\u00bb tablet_text_alignment=\u00bbdefault\u00bb phone_text_alignment=\u00bbdefault\u00bb animation_type=\u00bbdefault\u00bb bg_image_animation=\u00bbnone\u00bb border_type=\u00bbsimple\u00bb column_border_width=\u00bbnone\u00bb column_border_style=\u00bbsolid\u00bb][vc_column_text]<strong>Black Truffle Gin es una destilaci\u00f3n excepcional que combina la tradici\u00f3n de la London Dry Gin con la autenticidad de las Trufas Negras de Teruel. Cada botella de BTG es el resultado de una cuidadosa elaboraci\u00f3n artesanal en peque\u00f1as partidas, utilizando un alambique tradicional de cobre que permite resaltar los aromas y sabores \u00fanicos de los ingredientes naturales.<\/strong><\/p>\n<p><strong>Nuestra ginebra se enorgullece de sus ra\u00edces en la base de la Sierra de Javalambre, una regi\u00f3n que es conocida por sus plantaciones de las mejores trufas negras de Teruel. Estas trufas, conocidas como Tuber Melanosporum Vitt, son la esencia de BTG y le otorgan sus aromas distintivos a tierra y bot\u00e1nicos, adem\u00e1s de su inconfundible aroma y sabor a trufa negra.<\/strong><\/p>\n<p><strong>Cada combinado de Black Truffle Gin es una experiencia sensorial \u00fanica que te transportar\u00e1 a los campos de trufas de Teruel. Nuestro compromiso con la calidad y la autenticidad nos lleva a utilizar solo bot\u00e1nicos naturales y alcohol 100% de grano en su elaboraci\u00f3n. Esta combinaci\u00f3n de ingredientes cuidadosamente seleccionados y un proceso de destilaci\u00f3n meticuloso hacen de BTG una ginebra excepcional y \u00fanica que te invita a descubrir la magia de la trufa negra en cada copa.<\/strong><\/p>\n<p><strong>Disfruta de la elegancia y el car\u00e1cter sofisticado de Black Truffle Gin en tus c\u00f3cteles favoritos o simplemente con t\u00f3nica y hielo. Una experiencia \u00fanica para los amantes de la ginebra y los aficionados a la trufa negra.<\/strong><\/p>\n<p><strong>\u00a0<\/strong>[\/vc_column_text][\/vc_column][\/vc_row]\n","protected":false},"excerpt":{"rendered":"<p><strong>Ginebra tipo London Dry\u00a0 con trufa negra fresca D.O.P Teruel.<\/strong><\/p>\n<ul>\n<li>Producci\u00f3n estacional y limitada<\/li>\n<li>1\u00aa edici\u00f3n s\u00f3lo 606 botellas<\/li>\n<\/ul>\n<p>&nbsp;<\/p>\n<p><span style=\"color: #ff9900;\"><strong>Env\u00edos\u00a0 GRATIS a partir de 90\u20ac\u00a0 (Pen\u00ednsula)<\/strong><\/span><\/p>\n","protected":false},"featured_media":1238,"template":"","meta":[],"product_brand":[],"product_cat":[75],"product_tag":[44,43,79,47,76,78,77],"class_list":{"0":"post-1232","1":"product","2":"type-product","3":"status-publish","4":"has-post-thumbnail","6":"product_cat-black-truffle","7":"product_tag-artesanal","8":"product_tag-ginebra","9":"product_tag-la-calndestileria","10":"product_tag-roders","11":"product_tag-trufa","12":"product_tag-trufa-negra","13":"product_tag-truffle","15":"first","16":"instock","17":"featured","18":"shipping-taxable","19":"purchasable","20":"product-type-simple"},"aioseo_notices":[],"_links":{"self":[{"href":"https:\/\/www.laclandestileria.com\/site\/wp-json\/wp\/v2\/product\/1232","targetHints":{"allow":["GET"]}}],"collection":[{"href":"https:\/\/www.laclandestileria.com\/site\/wp-json\/wp\/v2\/product"}],"about":[{"href":"https:\/\/www.laclandestileria.com\/site\/wp-json\/wp\/v2\/types\/product"}],"wp:featuredmedia":[{"embeddable":true,"href":"https:\/\/www.laclandestileria.com\/site\/wp-json\/wp\/v2\/media\/1238"}],"wp:attachment":[{"href":"https:\/\/www.laclandestileria.com\/site\/wp-json\/wp\/v2\/media?parent=1232"}],"wp:term":[{"taxonomy":"product_brand","embeddable":true,"href":"https:\/\/www.laclandestileria.com\/site\/wp-json\/wp\/v2\/product_brand?post=1232"},{"taxonomy":"product_cat","embeddable":true,"href":"https:\/\/www.laclandestileria.com\/site\/wp-json\/wp\/v2\/product_cat?post=1232"},{"taxonomy":"product_tag","embeddable":true,"href":"https:\/\/www.laclandestileria.com\/site\/wp-json\/wp\/v2\/product_tag?post=1232"}],"curies":[{"name":"wp","href":"https:\/\/api.w.org\/{rel}","templated":true}]}}