{"id":1123,"date":"2023-11-26T20:16:21","date_gmt":"2023-11-26T20:16:21","guid":{"rendered":"https:\/\/www.laclandestileria.com\/site\/?post_type=product&#038;p=1123"},"modified":"2025-10-21T09:43:50","modified_gmt":"2025-10-21T09:43:50","slug":"genuine-french-oak-aged-gin","status":"publish","type":"product","link":"https:\/\/www.laclandestileria.com\/site\/producto\/genuine-french-oak-aged-gin\/","title":{"rendered":"Genuine French Oak Aged Gin"},"content":{"rendered":"[vc_row type=\u00bbin_container\u00bb full_screen_row_position=\u00bbmiddle\u00bb column_margin=\u00bbdefault\u00bb column_direction=\u00bbdefault\u00bb column_direction_tablet=\u00bbdefault\u00bb column_direction_phone=\u00bbdefault\u00bb scene_position=\u00bbcenter\u00bb text_color=\u00bbdark\u00bb text_align=\u00bbleft\u00bb row_border_radius=\u00bbnone\u00bb row_border_radius_applies=\u00bbbg\u00bb overflow=\u00bbvisible\u00bb overlay_strength=\u00bb0.3&#8243; gradient_direction=\u00bbleft_to_right\u00bb shape_divider_position=\u00bbbottom\u00bb bg_image_animation=\u00bbnone\u00bb][vc_column column_padding=\u00bbno-extra-padding\u00bb column_padding_tablet=\u00bbinherit\u00bb column_padding_phone=\u00bbinherit\u00bb column_padding_position=\u00bball\u00bb column_element_spacing=\u00bbdefault\u00bb background_color_opacity=\u00bb1&#8243; background_hover_color_opacity=\u00bb1&#8243; column_shadow=\u00bbnone\u00bb column_border_radius=\u00bbnone\u00bb column_link_target=\u00bb_self\u00bb column_position=\u00bbdefault\u00bb gradient_direction=\u00bbleft_to_right\u00bb overlay_strength=\u00bb0.3&#8243; width=\u00bb1\/1&#8243; tablet_width_inherit=\u00bbdefault\u00bb tablet_text_alignment=\u00bbdefault\u00bb phone_text_alignment=\u00bbdefault\u00bb animation_type=\u00bbdefault\u00bb bg_image_animation=\u00bbnone\u00bb border_type=\u00bbsimple\u00bb column_border_width=\u00bbnone\u00bb column_border_style=\u00bbsolid\u00bb][vc_column_text]<strong>Antiguamente la ginebra se almacenaba en barricas de roble, adquiriendo tonos \u00e1mbar y oro viejo, as\u00ed como los matices y aromas aportados por la noble madera tostada.<\/strong><\/p>\n<p><strong>Posteriormente, las ginebras comenzaron a embotellarse directamente desde el alambique, mostrando una apariencia transparente y exhibiendo un distintivo aroma a enebro.<\/strong><\/p>\n<p><strong>En La Clandestiler\u00eda volvemos al origen. Recuperamos los sabores, aromas y colores de anta\u00f1o a trav\u00e9s de dos versiones de Gin Roders, creando la \u201cbotella \u00fanica\u201d mediante el m\u00e9todo Oak Master de a\u00f1ejado org\u00e1nico. Se logra as\u00ed cierta complejidad en el destilado, atenuando la presencia del enebro y se aportan otras notas derivadas de la madera como vainilla, caramelo y especias tostadas.<\/strong><\/p>\n<p><strong>Con este roble franc\u00e9s conseguimos sabores suaves y delicados. Ligeros aromas especiados y gusto seco, presencia de taninos, vainilla, frutos secos y miel.<\/strong>[\/vc_column_text][\/vc_column][\/vc_row]\n","protected":false},"excerpt":{"rendered":"<p><strong>Ginebra tipo London Dry a\u00f1ejada con madera de barrica de roble franc\u00e9s.<\/strong><\/p>\n<p>&nbsp;<\/p>\n<p><span style=\"color: #ff9900;\"><strong>Env\u00edos\u00a0 GRATIS a partir de 90\u20ac\u00a0 (Pen\u00ednsula)<\/strong><\/span><\/p>\n","protected":false},"featured_media":1490,"template":"","meta":[],"product_brand":[],"product_cat":[40],"product_tag":[45,44,46,49,43,48,47],"class_list":{"0":"post-1123","1":"product","2":"type-product","3":"status-publish","4":"has-post-thumbnail","6":"product_cat-french-oak-aged-gin","7":"product_tag-anejada","8":"product_tag-artesanal","9":"product_tag-envejecida","10":"product_tag-frances","11":"product_tag-ginebra","12":"product_tag-roble","13":"product_tag-roders","15":"first","16":"instock","17":"featured","18":"shipping-taxable","19":"purchasable","20":"product-type-simple"},"aioseo_notices":[],"_links":{"self":[{"href":"https:\/\/www.laclandestileria.com\/site\/wp-json\/wp\/v2\/product\/1123","targetHints":{"allow":["GET"]}}],"collection":[{"href":"https:\/\/www.laclandestileria.com\/site\/wp-json\/wp\/v2\/product"}],"about":[{"href":"https:\/\/www.laclandestileria.com\/site\/wp-json\/wp\/v2\/types\/product"}],"wp:featuredmedia":[{"embeddable":true,"href":"https:\/\/www.laclandestileria.com\/site\/wp-json\/wp\/v2\/media\/1490"}],"wp:attachment":[{"href":"https:\/\/www.laclandestileria.com\/site\/wp-json\/wp\/v2\/media?parent=1123"}],"wp:term":[{"taxonomy":"product_brand","embeddable":true,"href":"https:\/\/www.laclandestileria.com\/site\/wp-json\/wp\/v2\/product_brand?post=1123"},{"taxonomy":"product_cat","embeddable":true,"href":"https:\/\/www.laclandestileria.com\/site\/wp-json\/wp\/v2\/product_cat?post=1123"},{"taxonomy":"product_tag","embeddable":true,"href":"https:\/\/www.laclandestileria.com\/site\/wp-json\/wp\/v2\/product_tag?post=1123"}],"curies":[{"name":"wp","href":"https:\/\/api.w.org\/{rel}","templated":true}]}}